{"id":3314,"date":"2021-06-20T01:41:24","date_gmt":"2021-06-20T01:41:24","guid":{"rendered":"http:\/\/mennur.com.tr\/?post_type=product&#038;p=3314"},"modified":"2021-06-20T01:41:24","modified_gmt":"2021-06-20T01:41:24","slug":"dilimli-siyah-zeytin","status":"publish","type":"product","link":"https:\/\/mennur.com.tr\/index.php\/urun\/dilimli-siyah-zeytin\/","title":{"rendered":"Dilimli Siyah Zeytin"},"content":{"rendered":"","protected":false},"excerpt":{"rendered":"<p>\u00dcr\u00fcn Ad\u0131: Dilimli Siyah Zeytin<\/p>\n<p>Marka: Alt\u0131nsofra<\/p>\n<p>Paketleme: 8 Kg Teneke<\/p>\n<p>&nbsp;<\/p>\n","protected":false},"featured_media":3315,"template":"","meta":[],"product_cat":[35],"product_tag":[],"class_list":["post-3314","product","type-product","status-publish","has-post-thumbnail","hentry","product_cat-zeytin"],"_links":{"self":[{"href":"https:\/\/mennur.com.tr\/index.php\/wp-json\/wp\/v2\/product\/3314","targetHints":{"allow":["GET"]}}],"collection":[{"href":"https:\/\/mennur.com.tr\/index.php\/wp-json\/wp\/v2\/product"}],"about":[{"href":"https:\/\/mennur.com.tr\/index.php\/wp-json\/wp\/v2\/types\/product"}],"version-history":[{"count":1,"href":"https:\/\/mennur.com.tr\/index.php\/wp-json\/wp\/v2\/product\/3314\/revisions"}],"predecessor-version":[{"id":3316,"href":"https:\/\/mennur.com.tr\/index.php\/wp-json\/wp\/v2\/product\/3314\/revisions\/3316"}],"wp:featuredmedia":[{"embeddable":true,"href":"https:\/\/mennur.com.tr\/index.php\/wp-json\/wp\/v2\/media\/3315"}],"wp:attachment":[{"href":"https:\/\/mennur.com.tr\/index.php\/wp-json\/wp\/v2\/media?parent=3314"}],"wp:term":[{"taxonomy":"product_cat","embeddable":true,"href":"https:\/\/mennur.com.tr\/index.php\/wp-json\/wp\/v2\/product_cat?post=3314"},{"taxonomy":"product_tag","embeddable":true,"href":"https:\/\/mennur.com.tr\/index.php\/wp-json\/wp\/v2\/product_tag?post=3314"}],"curies":[{"name":"wp","href":"https:\/\/api.w.org\/{rel}","templated":true}]}}