{"id":3320,"date":"2021-06-20T01:44:24","date_gmt":"2021-06-20T01:44:24","guid":{"rendered":"http:\/\/mennur.com.tr\/?post_type=product&#038;p=3320"},"modified":"2021-06-20T01:44:25","modified_gmt":"2021-06-20T01:44:25","slug":"ozel-kirik-yesil-cizik-zeytin","status":"publish","type":"product","link":"https:\/\/mennur.com.tr\/index.php\/urun\/ozel-kirik-yesil-cizik-zeytin\/","title":{"rendered":"\u00d6zel K\u0131r\u0131k Ye\u015fil \u00c7izik\u00a0Zeytin"},"content":{"rendered":"","protected":false},"excerpt":{"rendered":"<p>\u00dcr\u00fcn Ad\u0131: \u00d6zel K\u0131r\u0131k Ye\u015fil \u00c7izik\u00a0 Zeytin<\/p>\n<p>Marka: Mustafa Eler G\u00f6ksu<\/p>\n<p>Paketleme: 10 Kg Teneke<\/p>\n<p>Kalibre: 200-230<\/p>\n","protected":false},"featured_media":3321,"template":"","meta":[],"product_cat":[35],"product_tag":[],"class_list":["post-3320","product","type-product","status-publish","has-post-thumbnail","hentry","product_cat-zeytin"],"_links":{"self":[{"href":"https:\/\/mennur.com.tr\/index.php\/wp-json\/wp\/v2\/product\/3320","targetHints":{"allow":["GET"]}}],"collection":[{"href":"https:\/\/mennur.com.tr\/index.php\/wp-json\/wp\/v2\/product"}],"about":[{"href":"https:\/\/mennur.com.tr\/index.php\/wp-json\/wp\/v2\/types\/product"}],"version-history":[{"count":1,"href":"https:\/\/mennur.com.tr\/index.php\/wp-json\/wp\/v2\/product\/3320\/revisions"}],"predecessor-version":[{"id":3322,"href":"https:\/\/mennur.com.tr\/index.php\/wp-json\/wp\/v2\/product\/3320\/revisions\/3322"}],"wp:featuredmedia":[{"embeddable":true,"href":"https:\/\/mennur.com.tr\/index.php\/wp-json\/wp\/v2\/media\/3321"}],"wp:attachment":[{"href":"https:\/\/mennur.com.tr\/index.php\/wp-json\/wp\/v2\/media?parent=3320"}],"wp:term":[{"taxonomy":"product_cat","embeddable":true,"href":"https:\/\/mennur.com.tr\/index.php\/wp-json\/wp\/v2\/product_cat?post=3320"},{"taxonomy":"product_tag","embeddable":true,"href":"https:\/\/mennur.com.tr\/index.php\/wp-json\/wp\/v2\/product_tag?post=3320"}],"curies":[{"name":"wp","href":"https:\/\/api.w.org\/{rel}","templated":true}]}}