{"id":3323,"date":"2021-06-20T01:45:26","date_gmt":"2021-06-20T01:45:26","guid":{"rendered":"http:\/\/mennur.com.tr\/?post_type=product&#038;p=3323"},"modified":"2021-06-20T01:45:26","modified_gmt":"2021-06-20T01:45:26","slug":"yesil-kirma-zeytin","status":"publish","type":"product","link":"https:\/\/mennur.com.tr\/index.php\/urun\/yesil-kirma-zeytin\/","title":{"rendered":"Ye\u015fil K\u0131rma Zeytin"},"content":{"rendered":"","protected":false},"excerpt":{"rendered":"<p>\u00dcr\u00fcn Ad\u0131: Ye\u015fil K\u0131rma Zeytin<\/p>\n<p>Marka: Eser<\/p>\n<p>Paketleme: 10 Kg Teneke<\/p>\n<p>Kalibre: 140-160<\/p>\n<p>&nbsp;<\/p>\n","protected":false},"featured_media":3324,"template":"","meta":[],"product_cat":[35],"product_tag":[],"class_list":["post-3323","product","type-product","status-publish","has-post-thumbnail","hentry","product_cat-zeytin"],"_links":{"self":[{"href":"https:\/\/mennur.com.tr\/index.php\/wp-json\/wp\/v2\/product\/3323","targetHints":{"allow":["GET"]}}],"collection":[{"href":"https:\/\/mennur.com.tr\/index.php\/wp-json\/wp\/v2\/product"}],"about":[{"href":"https:\/\/mennur.com.tr\/index.php\/wp-json\/wp\/v2\/types\/product"}],"version-history":[{"count":1,"href":"https:\/\/mennur.com.tr\/index.php\/wp-json\/wp\/v2\/product\/3323\/revisions"}],"predecessor-version":[{"id":3325,"href":"https:\/\/mennur.com.tr\/index.php\/wp-json\/wp\/v2\/product\/3323\/revisions\/3325"}],"wp:featuredmedia":[{"embeddable":true,"href":"https:\/\/mennur.com.tr\/index.php\/wp-json\/wp\/v2\/media\/3324"}],"wp:attachment":[{"href":"https:\/\/mennur.com.tr\/index.php\/wp-json\/wp\/v2\/media?parent=3323"}],"wp:term":[{"taxonomy":"product_cat","embeddable":true,"href":"https:\/\/mennur.com.tr\/index.php\/wp-json\/wp\/v2\/product_cat?post=3323"},{"taxonomy":"product_tag","embeddable":true,"href":"https:\/\/mennur.com.tr\/index.php\/wp-json\/wp\/v2\/product_tag?post=3323"}],"curies":[{"name":"wp","href":"https:\/\/api.w.org\/{rel}","templated":true}]}}