{"id":3329,"date":"2021-06-20T02:01:55","date_gmt":"2021-06-20T02:01:55","guid":{"rendered":"http:\/\/mennur.com.tr\/?post_type=product&#038;p=3329"},"modified":"2021-07-07T08:57:12","modified_gmt":"2021-07-07T08:57:12","slug":"yogurt","status":"publish","type":"product","link":"https:\/\/mennur.com.tr\/index.php\/urun\/yogurt\/","title":{"rendered":"Yo\u011furt"},"content":{"rendered":"","protected":false},"excerpt":{"rendered":"<p>Tam ya\u011fl\u0131 inek s\u00fctleri \u00e7ok y\u00fcksek s\u0131cakl\u0131kta past\u00f6rize edilir. Kuru madde miktar\u0131 vakumlanarak (suyu u\u00e7urularak) y\u00fckseltilir. \u00dcretmeli k\u00fclt\u00fcrlerle mayalan\u0131r. Katk\u0131 ve koruyucu madde i\u00e7ermedi\u011finden\u00a0 dolay\u0131 k\u0131sa s\u00fcrede t\u00fcketilmelidir.<\/p>\n<p>Paketleme: 2 kg l\u0131k ve 10 kg l\u0131k kovalarda sat\u0131lmaktad\u0131r.<\/p>\n","protected":false},"featured_media":3330,"template":"","meta":[],"product_cat":[33],"product_tag":[46],"class_list":["post-3329","product","type-product","status-publish","has-post-thumbnail","hentry","product_cat-beyde","product_tag-beyde"],"_links":{"self":[{"href":"https:\/\/mennur.com.tr\/index.php\/wp-json\/wp\/v2\/product\/3329","targetHints":{"allow":["GET"]}}],"collection":[{"href":"https:\/\/mennur.com.tr\/index.php\/wp-json\/wp\/v2\/product"}],"about":[{"href":"https:\/\/mennur.com.tr\/index.php\/wp-json\/wp\/v2\/types\/product"}],"version-history":[{"count":2,"href":"https:\/\/mennur.com.tr\/index.php\/wp-json\/wp\/v2\/product\/3329\/revisions"}],"predecessor-version":[{"id":3585,"href":"https:\/\/mennur.com.tr\/index.php\/wp-json\/wp\/v2\/product\/3329\/revisions\/3585"}],"wp:featuredmedia":[{"embeddable":true,"href":"https:\/\/mennur.com.tr\/index.php\/wp-json\/wp\/v2\/media\/3330"}],"wp:attachment":[{"href":"https:\/\/mennur.com.tr\/index.php\/wp-json\/wp\/v2\/media?parent=3329"}],"wp:term":[{"taxonomy":"product_cat","embeddable":true,"href":"https:\/\/mennur.com.tr\/index.php\/wp-json\/wp\/v2\/product_cat?post=3329"},{"taxonomy":"product_tag","embeddable":true,"href":"https:\/\/mennur.com.tr\/index.php\/wp-json\/wp\/v2\/product_tag?post=3329"}],"curies":[{"name":"wp","href":"https:\/\/api.w.org\/{rel}","templated":true}]}}