{"id":3340,"date":"2021-06-20T02:09:31","date_gmt":"2021-06-20T02:09:31","guid":{"rendered":"http:\/\/mennur.com.tr\/?post_type=product&#038;p=3340"},"modified":"2021-07-07T08:57:30","modified_gmt":"2021-07-07T08:57:30","slug":"tereyag","status":"publish","type":"product","link":"https:\/\/mennur.com.tr\/index.php\/urun\/tereyag\/","title":{"rendered":"Tereya\u011f"},"content":{"rendered":"","protected":false},"excerpt":{"rendered":"<p>Tam ya\u011fl\u0131 inek s\u00fctleri % 0,8 oran\u0131nda s\u00fct ya\u011f\u0131 seperat\u00f6rle \u00e7ekilir. Elde edilen kremalar k\u0131vam\u0131n\u0131 ald\u0131ktan sonra yo\u011frulur. Kahvalt\u0131l\u0131k ve yemeklik tereya\u011f\u0131 olarak paketlenir. B\u00f6lgesel olarak s\u00fct ya\u011f oranlar\u0131 de\u011fi\u015fti\u011fi i\u00e7in tereya\u011f\u0131 rengi tam sar\u0131 de\u011fildir. Hi\u00e7bir \u015fekilde tereya\u011f\u0131 esans\u0131, ve boyas\u0131 kullan\u0131lmamaktad\u0131r.<\/p>\n<p>Paketleme: 1 kg rulo ambalaj \u2013 1 kg ve 4.5 kg l\u0131k kovalarda sat\u0131lmaktad\u0131r.<\/p>\n","protected":false},"featured_media":3341,"template":"","meta":[],"product_cat":[33],"product_tag":[46],"class_list":["post-3340","product","type-product","status-publish","has-post-thumbnail","hentry","product_cat-beyde","product_tag-beyde"],"_links":{"self":[{"href":"https:\/\/mennur.com.tr\/index.php\/wp-json\/wp\/v2\/product\/3340","targetHints":{"allow":["GET"]}}],"collection":[{"href":"https:\/\/mennur.com.tr\/index.php\/wp-json\/wp\/v2\/product"}],"about":[{"href":"https:\/\/mennur.com.tr\/index.php\/wp-json\/wp\/v2\/types\/product"}],"version-history":[{"count":1,"href":"https:\/\/mennur.com.tr\/index.php\/wp-json\/wp\/v2\/product\/3340\/revisions"}],"predecessor-version":[{"id":3342,"href":"https:\/\/mennur.com.tr\/index.php\/wp-json\/wp\/v2\/product\/3340\/revisions\/3342"}],"wp:featuredmedia":[{"embeddable":true,"href":"https:\/\/mennur.com.tr\/index.php\/wp-json\/wp\/v2\/media\/3341"}],"wp:attachment":[{"href":"https:\/\/mennur.com.tr\/index.php\/wp-json\/wp\/v2\/media?parent=3340"}],"wp:term":[{"taxonomy":"product_cat","embeddable":true,"href":"https:\/\/mennur.com.tr\/index.php\/wp-json\/wp\/v2\/product_cat?post=3340"},{"taxonomy":"product_tag","embeddable":true,"href":"https:\/\/mennur.com.tr\/index.php\/wp-json\/wp\/v2\/product_tag?post=3340"}],"curies":[{"name":"wp","href":"https:\/\/api.w.org\/{rel}","templated":true}]}}