{"id":3343,"date":"2021-06-20T02:10:45","date_gmt":"2021-06-20T02:10:45","guid":{"rendered":"http:\/\/mennur.com.tr\/?post_type=product&#038;p=3343"},"modified":"2021-07-07T08:57:39","modified_gmt":"2021-07-07T08:57:39","slug":"suzme-yogurt","status":"publish","type":"product","link":"https:\/\/mennur.com.tr\/index.php\/urun\/suzme-yogurt\/","title":{"rendered":"S\u00fczme Yo\u011furt"},"content":{"rendered":"","protected":false},"excerpt":{"rendered":"<p>Tam ya\u011fl\u0131 inek s\u00fctleri \u00e7ok y\u00fcksek s\u0131cakl\u0131kta past\u00f6rize edilip \u00fcretmeli k\u00fclt\u00fcrlerle mayalan\u0131r. Bez keselerde s\u00fczd\u00fcr\u00fcl\u00fcr. Uygun gramajlarda paketlenir. Katk\u0131 koruyucu ve k\u0131vam artt\u0131r\u0131c\u0131 i\u00e7ermez.<\/p>\n<p>Paketleme:\u00a0 10kg, 3kg ve 1 kg kovalarda sat\u0131lmaktad\u0131r.<\/p>\n","protected":false},"featured_media":3344,"template":"","meta":[],"product_cat":[33],"product_tag":[46],"class_list":["post-3343","product","type-product","status-publish","has-post-thumbnail","hentry","product_cat-beyde","product_tag-beyde"],"_links":{"self":[{"href":"https:\/\/mennur.com.tr\/index.php\/wp-json\/wp\/v2\/product\/3343","targetHints":{"allow":["GET"]}}],"collection":[{"href":"https:\/\/mennur.com.tr\/index.php\/wp-json\/wp\/v2\/product"}],"about":[{"href":"https:\/\/mennur.com.tr\/index.php\/wp-json\/wp\/v2\/types\/product"}],"version-history":[{"count":2,"href":"https:\/\/mennur.com.tr\/index.php\/wp-json\/wp\/v2\/product\/3343\/revisions"}],"predecessor-version":[{"id":3463,"href":"https:\/\/mennur.com.tr\/index.php\/wp-json\/wp\/v2\/product\/3343\/revisions\/3463"}],"wp:featuredmedia":[{"embeddable":true,"href":"https:\/\/mennur.com.tr\/index.php\/wp-json\/wp\/v2\/media\/3344"}],"wp:attachment":[{"href":"https:\/\/mennur.com.tr\/index.php\/wp-json\/wp\/v2\/media?parent=3343"}],"wp:term":[{"taxonomy":"product_cat","embeddable":true,"href":"https:\/\/mennur.com.tr\/index.php\/wp-json\/wp\/v2\/product_cat?post=3343"},{"taxonomy":"product_tag","embeddable":true,"href":"https:\/\/mennur.com.tr\/index.php\/wp-json\/wp\/v2\/product_tag?post=3343"}],"curies":[{"name":"wp","href":"https:\/\/api.w.org\/{rel}","templated":true}]}}