{"id":3346,"date":"2021-06-20T02:11:50","date_gmt":"2021-06-20T02:11:50","guid":{"rendered":"http:\/\/mennur.com.tr\/?post_type=product&#038;p=3346"},"modified":"2021-07-07T08:57:44","modified_gmt":"2021-07-07T08:57:44","slug":"suda-mozzarella","status":"publish","type":"product","link":"https:\/\/mennur.com.tr\/index.php\/urun\/suda-mozzarella\/","title":{"rendered":"Suda Mozzarella"},"content":{"rendered":"","protected":false},"excerpt":{"rendered":"<p>Tam ya\u011fl\u0131 inek s\u00fctleri d\u00fc\u015f\u00fck s\u0131cakl\u0131kta uzun s\u00fcre past\u00f6rize edilip %100 fermente kimozin peynir mayalar\u0131 kullan\u0131larak mayalan\u0131r. K\u00fcnefe i\u00e7in uygun erime derecesine g\u00f6re yap\u0131l\u0131r. Tuz i\u00e7ermez. Ya\u011f bak\u0131m\u0131ndan az ya\u011fl\u0131 peynir \u015feklinde \u00fcretilmektedir. Diyet peynir olarak da t\u00fcketilmektedir.<\/p>\n<p>Paketleme: 200 gr l\u0131k paketlerde ve 7 kg l\u0131k kovada sat\u0131lmaktad\u0131r.<\/p>\n","protected":false},"featured_media":3347,"template":"","meta":[],"product_cat":[33],"product_tag":[46],"class_list":["post-3346","product","type-product","status-publish","has-post-thumbnail","hentry","product_cat-beyde","product_tag-beyde"],"_links":{"self":[{"href":"https:\/\/mennur.com.tr\/index.php\/wp-json\/wp\/v2\/product\/3346","targetHints":{"allow":["GET"]}}],"collection":[{"href":"https:\/\/mennur.com.tr\/index.php\/wp-json\/wp\/v2\/product"}],"about":[{"href":"https:\/\/mennur.com.tr\/index.php\/wp-json\/wp\/v2\/types\/product"}],"version-history":[{"count":1,"href":"https:\/\/mennur.com.tr\/index.php\/wp-json\/wp\/v2\/product\/3346\/revisions"}],"predecessor-version":[{"id":3348,"href":"https:\/\/mennur.com.tr\/index.php\/wp-json\/wp\/v2\/product\/3346\/revisions\/3348"}],"wp:featuredmedia":[{"embeddable":true,"href":"https:\/\/mennur.com.tr\/index.php\/wp-json\/wp\/v2\/media\/3347"}],"wp:attachment":[{"href":"https:\/\/mennur.com.tr\/index.php\/wp-json\/wp\/v2\/media?parent=3346"}],"wp:term":[{"taxonomy":"product_cat","embeddable":true,"href":"https:\/\/mennur.com.tr\/index.php\/wp-json\/wp\/v2\/product_cat?post=3346"},{"taxonomy":"product_tag","embeddable":true,"href":"https:\/\/mennur.com.tr\/index.php\/wp-json\/wp\/v2\/product_tag?post=3346"}],"curies":[{"name":"wp","href":"https:\/\/api.w.org\/{rel}","templated":true}]}}