{"id":3352,"date":"2021-06-20T02:13:51","date_gmt":"2021-06-20T02:13:51","guid":{"rendered":"http:\/\/mennur.com.tr\/?post_type=product&#038;p=3352"},"modified":"2021-07-07T08:58:08","modified_gmt":"2021-07-07T08:58:08","slug":"parmesan-peyniri-2","status":"publish","type":"product","link":"https:\/\/mennur.com.tr\/index.php\/urun\/parmesan-peyniri-2\/","title":{"rendered":"Parmesan Peyniri"},"content":{"rendered":"","protected":false},"excerpt":{"rendered":"<p>Grana Padano , yakla\u015f\u0131k 1000 y\u0131ll\u0131k bir ge\u00e7mi\u015fe sahip, Po Nehri Vadisinde yeti\u015ftirilen ineklerin s\u00fct\u00fcnden \u00fcretilen, ince taneli bir dokuya sahip yar\u0131 ya\u011fl\u0131, sert bir \u0130talyan peyniridir. Ithal peynirlerin incisi Grana Padano Parmesan , salata ve makarna gibi bir\u00e7ok yiyece\u011fin m\u00fckemmel bir tamamlay\u0131c\u0131s\u0131 olan harika bir \u0131zgara peyniridir.<\/p>\n","protected":false},"featured_media":3353,"template":"","meta":[],"product_cat":[33],"product_tag":[46],"class_list":["post-3352","product","type-product","status-publish","has-post-thumbnail","hentry","product_cat-beyde","product_tag-beyde"],"_links":{"self":[{"href":"https:\/\/mennur.com.tr\/index.php\/wp-json\/wp\/v2\/product\/3352","targetHints":{"allow":["GET"]}}],"collection":[{"href":"https:\/\/mennur.com.tr\/index.php\/wp-json\/wp\/v2\/product"}],"about":[{"href":"https:\/\/mennur.com.tr\/index.php\/wp-json\/wp\/v2\/types\/product"}],"version-history":[{"count":1,"href":"https:\/\/mennur.com.tr\/index.php\/wp-json\/wp\/v2\/product\/3352\/revisions"}],"predecessor-version":[{"id":3354,"href":"https:\/\/mennur.com.tr\/index.php\/wp-json\/wp\/v2\/product\/3352\/revisions\/3354"}],"wp:featuredmedia":[{"embeddable":true,"href":"https:\/\/mennur.com.tr\/index.php\/wp-json\/wp\/v2\/media\/3353"}],"wp:attachment":[{"href":"https:\/\/mennur.com.tr\/index.php\/wp-json\/wp\/v2\/media?parent=3352"}],"wp:term":[{"taxonomy":"product_cat","embeddable":true,"href":"https:\/\/mennur.com.tr\/index.php\/wp-json\/wp\/v2\/product_cat?post=3352"},{"taxonomy":"product_tag","embeddable":true,"href":"https:\/\/mennur.com.tr\/index.php\/wp-json\/wp\/v2\/product_tag?post=3352"}],"curies":[{"name":"wp","href":"https:\/\/api.w.org\/{rel}","templated":true}]}}