{"id":3358,"date":"2021-06-20T02:15:19","date_gmt":"2021-06-20T02:15:19","guid":{"rendered":"http:\/\/mennur.com.tr\/?post_type=product&#038;p=3358"},"modified":"2021-07-07T08:58:19","modified_gmt":"2021-07-07T08:58:19","slug":"lor-peyniri","status":"publish","type":"product","link":"https:\/\/mennur.com.tr\/index.php\/urun\/lor-peyniri\/","title":{"rendered":"Lor Peyniri"},"content":{"rendered":"","protected":false},"excerpt":{"rendered":"<p>Tam ya\u011fl\u0131 inek s\u00fctleri d\u00fc\u015f\u00fck s\u0131cakl\u0131kta uzun s\u00fcre past\u00f6rize edilip mayalanan peynirlerin peynir alt\u0131 sular\u0131n\u0131n y\u00fcksek derecede kaynat\u0131larak elde edilir.Tuz i\u00e7erir. S\u00fct\u00fcn at\u0131l kalm\u0131\u015f olan b\u00fct\u00fcn protein, kalsiyum ve ya\u011f bak\u0131m\u0131ndan olduk\u00e7a zengindir.<\/p>\n<p>Paketleme: 1 kg Vakumlu Ambalaj \u2013 17 kg kova \u2013 6,5 kg l\u0131k vakumlu teker olarak sat\u0131lmaktad\u0131r.<\/p>\n","protected":false},"featured_media":3359,"template":"","meta":[],"product_cat":[33],"product_tag":[46],"class_list":["post-3358","product","type-product","status-publish","has-post-thumbnail","hentry","product_cat-beyde","product_tag-beyde"],"_links":{"self":[{"href":"https:\/\/mennur.com.tr\/index.php\/wp-json\/wp\/v2\/product\/3358","targetHints":{"allow":["GET"]}}],"collection":[{"href":"https:\/\/mennur.com.tr\/index.php\/wp-json\/wp\/v2\/product"}],"about":[{"href":"https:\/\/mennur.com.tr\/index.php\/wp-json\/wp\/v2\/types\/product"}],"version-history":[{"count":1,"href":"https:\/\/mennur.com.tr\/index.php\/wp-json\/wp\/v2\/product\/3358\/revisions"}],"predecessor-version":[{"id":3360,"href":"https:\/\/mennur.com.tr\/index.php\/wp-json\/wp\/v2\/product\/3358\/revisions\/3360"}],"wp:featuredmedia":[{"embeddable":true,"href":"https:\/\/mennur.com.tr\/index.php\/wp-json\/wp\/v2\/media\/3359"}],"wp:attachment":[{"href":"https:\/\/mennur.com.tr\/index.php\/wp-json\/wp\/v2\/media?parent=3358"}],"wp:term":[{"taxonomy":"product_cat","embeddable":true,"href":"https:\/\/mennur.com.tr\/index.php\/wp-json\/wp\/v2\/product_cat?post=3358"},{"taxonomy":"product_tag","embeddable":true,"href":"https:\/\/mennur.com.tr\/index.php\/wp-json\/wp\/v2\/product_tag?post=3358"}],"curies":[{"name":"wp","href":"https:\/\/api.w.org\/{rel}","templated":true}]}}