{"id":3368,"date":"2021-06-20T02:18:09","date_gmt":"2021-06-20T02:18:09","guid":{"rendered":"http:\/\/mennur.com.tr\/?post_type=product&#038;p=3368"},"modified":"2021-07-07T08:58:35","modified_gmt":"2021-07-07T08:58:35","slug":"kasar-peyniri","status":"publish","type":"product","link":"https:\/\/mennur.com.tr\/index.php\/urun\/kasar-peyniri\/","title":{"rendered":"Ka\u015far Peyniri"},"content":{"rendered":"","protected":false},"excerpt":{"rendered":"<p>Tam ya\u011fl\u0131 inek s\u00fctlerinin \u00a0d\u00fc\u015f\u00fck s\u0131cakl\u0131kta uzun s\u00fcre past\u00f6rize edilip %100 fermente peynir mayalar\u0131 kullan\u0131larak mayalan\u0131r. <strong>Sulu ha\u015flama<\/strong> y\u00f6ntemiyle yap\u0131l\u0131r. Tuz i\u00e7erir. \u00d6zellikle kahvalt\u0131larda daha \u00e7ok tercih edilmektedir. <strong>Kimyasal ve koruyucu i\u00e7ermedi\u011fi<\/strong> i\u00e7in ve d\u00fc\u015f\u00fck tuz oran\u0131 sayesinde be\u011fenilerek t\u00fcketilmektedir.<\/p>\n<p>Paketleme: 2 kg \u2013 1 kg \u2013 500 gr ve 250 gr l\u0131k ambalajlarda sat\u0131lmaktad\u0131r.<\/p>\n","protected":false},"featured_media":3370,"template":"","meta":[],"product_cat":[33],"product_tag":[46],"class_list":["post-3368","product","type-product","status-publish","has-post-thumbnail","hentry","product_cat-beyde","product_tag-beyde"],"_links":{"self":[{"href":"https:\/\/mennur.com.tr\/index.php\/wp-json\/wp\/v2\/product\/3368","targetHints":{"allow":["GET"]}}],"collection":[{"href":"https:\/\/mennur.com.tr\/index.php\/wp-json\/wp\/v2\/product"}],"about":[{"href":"https:\/\/mennur.com.tr\/index.php\/wp-json\/wp\/v2\/types\/product"}],"version-history":[{"count":1,"href":"https:\/\/mennur.com.tr\/index.php\/wp-json\/wp\/v2\/product\/3368\/revisions"}],"predecessor-version":[{"id":3372,"href":"https:\/\/mennur.com.tr\/index.php\/wp-json\/wp\/v2\/product\/3368\/revisions\/3372"}],"wp:featuredmedia":[{"embeddable":true,"href":"https:\/\/mennur.com.tr\/index.php\/wp-json\/wp\/v2\/media\/3370"}],"wp:attachment":[{"href":"https:\/\/mennur.com.tr\/index.php\/wp-json\/wp\/v2\/media?parent=3368"}],"wp:term":[{"taxonomy":"product_cat","embeddable":true,"href":"https:\/\/mennur.com.tr\/index.php\/wp-json\/wp\/v2\/product_cat?post=3368"},{"taxonomy":"product_tag","embeddable":true,"href":"https:\/\/mennur.com.tr\/index.php\/wp-json\/wp\/v2\/product_tag?post=3368"}],"curies":[{"name":"wp","href":"https:\/\/api.w.org\/{rel}","templated":true}]}}