{"id":3373,"date":"2021-06-20T02:19:01","date_gmt":"2021-06-20T02:19:01","guid":{"rendered":"http:\/\/mennur.com.tr\/?post_type=product&#038;p=3373"},"modified":"2021-07-07T08:58:41","modified_gmt":"2021-07-07T08:58:41","slug":"izmir-tulum-peyniri","status":"publish","type":"product","link":"https:\/\/mennur.com.tr\/index.php\/urun\/izmir-tulum-peyniri\/","title":{"rendered":"\u0130zmir Tulum Peyniri"},"content":{"rendered":"","protected":false},"excerpt":{"rendered":"<p>\u0130zmir tulum peyniri olarak bilinen peynir, asl\u0131nda Bergama tulum peyniri&#8217;dir. Bu peynir t\u00fcr\u00fc ilk olarak, Bergama&#8217;n\u0131n birka\u00e7 Y\u00f6r\u00fck k\u00f6y\u00fcnde yap\u0131lmaya ba\u015flam\u0131\u015ft\u0131r. Zamanla, \u0130zmir&#8217;in di\u011fer il\u00e7e ve k\u00f6ylerine yay\u0131lm\u0131\u015f ve \u0130zmir tulum peyniri olarak an\u0131lmaya ba\u015flam\u0131\u015ft\u0131r. Tam ya\u011fl\u0131 pastorize edilmi\u015f inek s\u00fct\u00fc, \u015firden maya ve tuz dan \u00fcretilmektedir. \u0130deal lezzetine ula\u015fmas\u0131 i\u00e7in en az 8 ay olgunla\u015ft\u0131r\u0131l\u0131r.<\/p>\n","protected":false},"featured_media":3374,"template":"","meta":[],"product_cat":[33],"product_tag":[46],"class_list":["post-3373","product","type-product","status-publish","has-post-thumbnail","hentry","product_cat-beyde","product_tag-beyde"],"_links":{"self":[{"href":"https:\/\/mennur.com.tr\/index.php\/wp-json\/wp\/v2\/product\/3373","targetHints":{"allow":["GET"]}}],"collection":[{"href":"https:\/\/mennur.com.tr\/index.php\/wp-json\/wp\/v2\/product"}],"about":[{"href":"https:\/\/mennur.com.tr\/index.php\/wp-json\/wp\/v2\/types\/product"}],"version-history":[{"count":1,"href":"https:\/\/mennur.com.tr\/index.php\/wp-json\/wp\/v2\/product\/3373\/revisions"}],"predecessor-version":[{"id":3375,"href":"https:\/\/mennur.com.tr\/index.php\/wp-json\/wp\/v2\/product\/3373\/revisions\/3375"}],"wp:featuredmedia":[{"embeddable":true,"href":"https:\/\/mennur.com.tr\/index.php\/wp-json\/wp\/v2\/media\/3374"}],"wp:attachment":[{"href":"https:\/\/mennur.com.tr\/index.php\/wp-json\/wp\/v2\/media?parent=3373"}],"wp:term":[{"taxonomy":"product_cat","embeddable":true,"href":"https:\/\/mennur.com.tr\/index.php\/wp-json\/wp\/v2\/product_cat?post=3373"},{"taxonomy":"product_tag","embeddable":true,"href":"https:\/\/mennur.com.tr\/index.php\/wp-json\/wp\/v2\/product_tag?post=3373"}],"curies":[{"name":"wp","href":"https:\/\/api.w.org\/{rel}","templated":true}]}}