{"id":3376,"date":"2021-06-20T02:19:53","date_gmt":"2021-06-20T02:19:53","guid":{"rendered":"http:\/\/mennur.com.tr\/?post_type=product&#038;p=3376"},"modified":"2021-07-07T08:58:46","modified_gmt":"2021-07-07T08:58:46","slug":"ezine-koyun-peyniri","status":"publish","type":"product","link":"https:\/\/mennur.com.tr\/index.php\/urun\/ezine-koyun-peyniri\/","title":{"rendered":"Ezine Koyun Peyniri"},"content":{"rendered":"","protected":false},"excerpt":{"rendered":"<p>\u00c7anakkale b\u00f6lgesinin me\u015fhur lezzetlerinden birisidir. Kalsiyum, fosfor , demir ve protein y\u00f6n\u00fcnden zengin olan koyun peyniri a\u011f\u0131rl\u0131kl\u0131 pastorize koyun s\u00fct\u00fc (%55), ke\u00e7i S\u00fct\u00fc(%25), \u0130nek S\u00fct\u00fc (%10), tuz ve mayadan olu\u015fmaktad\u0131r. Minimum 6 ay ile 1 y\u0131l aras\u0131nda olgunla\u015ft\u0131rd\u0131ktan sonra t\u00fcketime sunulmaktad\u0131r. Kuru maddede en az %45 s\u00fct ya\u011f\u0131 ihtiva eder.<\/p>\n","protected":false},"featured_media":3377,"template":"","meta":[],"product_cat":[33],"product_tag":[46],"class_list":["post-3376","product","type-product","status-publish","has-post-thumbnail","hentry","product_cat-beyde","product_tag-beyde"],"_links":{"self":[{"href":"https:\/\/mennur.com.tr\/index.php\/wp-json\/wp\/v2\/product\/3376","targetHints":{"allow":["GET"]}}],"collection":[{"href":"https:\/\/mennur.com.tr\/index.php\/wp-json\/wp\/v2\/product"}],"about":[{"href":"https:\/\/mennur.com.tr\/index.php\/wp-json\/wp\/v2\/types\/product"}],"version-history":[{"count":1,"href":"https:\/\/mennur.com.tr\/index.php\/wp-json\/wp\/v2\/product\/3376\/revisions"}],"predecessor-version":[{"id":3378,"href":"https:\/\/mennur.com.tr\/index.php\/wp-json\/wp\/v2\/product\/3376\/revisions\/3378"}],"wp:featuredmedia":[{"embeddable":true,"href":"https:\/\/mennur.com.tr\/index.php\/wp-json\/wp\/v2\/media\/3377"}],"wp:attachment":[{"href":"https:\/\/mennur.com.tr\/index.php\/wp-json\/wp\/v2\/media?parent=3376"}],"wp:term":[{"taxonomy":"product_cat","embeddable":true,"href":"https:\/\/mennur.com.tr\/index.php\/wp-json\/wp\/v2\/product_cat?post=3376"},{"taxonomy":"product_tag","embeddable":true,"href":"https:\/\/mennur.com.tr\/index.php\/wp-json\/wp\/v2\/product_tag?post=3376"}],"curies":[{"name":"wp","href":"https:\/\/api.w.org\/{rel}","templated":true}]}}