{"id":3382,"date":"2021-06-20T02:21:25","date_gmt":"2021-06-20T02:21:25","guid":{"rendered":"http:\/\/mennur.com.tr\/?post_type=product&#038;p=3382"},"modified":"2021-07-07T08:58:57","modified_gmt":"2021-07-07T08:58:57","slug":"eski-kasar","status":"publish","type":"product","link":"https:\/\/mennur.com.tr\/index.php\/urun\/eski-kasar\/","title":{"rendered":"Eski Ka\u015far"},"content":{"rendered":"","protected":false},"excerpt":{"rendered":"<p>Erzurum-Kars y\u00f6resinde y\u00fcksek rak\u0131mlarda tamamen do\u011fal otlarla, \u00e7e\u015fit \u00e7e\u015fit \u00e7i\u00e7eklerden beslenen b\u00fcy\u00fck ba\u015f hayvanlar\u0131n s\u00fct\u00fcnden elde edilmektedir.E ski ka\u015far peyniri bekletildik\u00e7e lezzetine lezzet katan olgunla\u015ft\u0131r\u0131lm\u0131\u015f fermente ka\u015far peynirdir. Kalsiyum y\u00f6n\u00fcnden zengin olup, 1 kilosunda yakla\u015f\u0131k 12 litre tam ya\u011fl\u0131 inek s\u00fct\u00fc bulunmaktad\u0131r. \u015eirden mayas\u0131 ile mayalan\u0131r, ideal lezzetine ula\u015fmas\u0131 i\u00e7in en az 6 ay bekletilir.<\/p>\n","protected":false},"featured_media":3383,"template":"","meta":[],"product_cat":[33],"product_tag":[46],"class_list":["post-3382","product","type-product","status-publish","has-post-thumbnail","hentry","product_cat-beyde","product_tag-beyde"],"_links":{"self":[{"href":"https:\/\/mennur.com.tr\/index.php\/wp-json\/wp\/v2\/product\/3382","targetHints":{"allow":["GET"]}}],"collection":[{"href":"https:\/\/mennur.com.tr\/index.php\/wp-json\/wp\/v2\/product"}],"about":[{"href":"https:\/\/mennur.com.tr\/index.php\/wp-json\/wp\/v2\/types\/product"}],"version-history":[{"count":1,"href":"https:\/\/mennur.com.tr\/index.php\/wp-json\/wp\/v2\/product\/3382\/revisions"}],"predecessor-version":[{"id":3384,"href":"https:\/\/mennur.com.tr\/index.php\/wp-json\/wp\/v2\/product\/3382\/revisions\/3384"}],"wp:featuredmedia":[{"embeddable":true,"href":"https:\/\/mennur.com.tr\/index.php\/wp-json\/wp\/v2\/media\/3383"}],"wp:attachment":[{"href":"https:\/\/mennur.com.tr\/index.php\/wp-json\/wp\/v2\/media?parent=3382"}],"wp:term":[{"taxonomy":"product_cat","embeddable":true,"href":"https:\/\/mennur.com.tr\/index.php\/wp-json\/wp\/v2\/product_cat?post=3382"},{"taxonomy":"product_tag","embeddable":true,"href":"https:\/\/mennur.com.tr\/index.php\/wp-json\/wp\/v2\/product_tag?post=3382"}],"curies":[{"name":"wp","href":"https:\/\/api.w.org\/{rel}","templated":true}]}}