{"id":3385,"date":"2021-06-20T02:22:03","date_gmt":"2021-06-20T02:22:03","guid":{"rendered":"http:\/\/mennur.com.tr\/?post_type=product&#038;p=3385"},"modified":"2021-07-07T08:59:03","modified_gmt":"2021-07-07T08:59:03","slug":"dilimli-kasar","status":"publish","type":"product","link":"https:\/\/mennur.com.tr\/index.php\/urun\/dilimli-kasar\/","title":{"rendered":"Dilimli Ka\u015far"},"content":{"rendered":"","protected":false},"excerpt":{"rendered":"<p>Tam ya\u011fl\u0131 inek s\u00fctlerinin\u00a0 d\u00fc\u015f\u00fck s\u0131cakl\u0131kta uzun s\u00fcre past\u00f6rize edilip %100 fermente kimozin peynir mayalar\u0131 kullan\u0131larak mayalan\u0131r. Sulu ha\u015flama y\u00f6ntemiyle yap\u0131l\u0131r. Tuz i\u00e7erir. \u00d6zel ambalajlarda 20 g\u00fcn dinlendirildikten sonra son teknoloji makinelerde dilimlenir. Paketlemesi ise \u00f6zel makinelerde g\u0131da gaz\u0131 ile paketlenerek \u00f6m\u00fcr bak\u0131m\u0131ndan ve bakteri bak\u0131m\u0131ndan olduk\u00e7a iyidir. Ayr\u0131ca tost i\u00e7in \u00f6zel erime derecesine g\u00f6re ayarlanmaktad\u0131r.<\/p>\n<p>Paketleme: 2 mm \u2013 3 mm \u2013 6 mm kal\u0131nl\u0131klar\u0131nda 1.5 kg l\u0131k k\u00fcvetlerde sat\u0131lmaktad\u0131r.<\/p>\n","protected":false},"featured_media":3386,"template":"","meta":[],"product_cat":[33],"product_tag":[46],"class_list":["post-3385","product","type-product","status-publish","has-post-thumbnail","hentry","product_cat-beyde","product_tag-beyde"],"_links":{"self":[{"href":"https:\/\/mennur.com.tr\/index.php\/wp-json\/wp\/v2\/product\/3385","targetHints":{"allow":["GET"]}}],"collection":[{"href":"https:\/\/mennur.com.tr\/index.php\/wp-json\/wp\/v2\/product"}],"about":[{"href":"https:\/\/mennur.com.tr\/index.php\/wp-json\/wp\/v2\/types\/product"}],"version-history":[{"count":1,"href":"https:\/\/mennur.com.tr\/index.php\/wp-json\/wp\/v2\/product\/3385\/revisions"}],"predecessor-version":[{"id":3387,"href":"https:\/\/mennur.com.tr\/index.php\/wp-json\/wp\/v2\/product\/3385\/revisions\/3387"}],"wp:featuredmedia":[{"embeddable":true,"href":"https:\/\/mennur.com.tr\/index.php\/wp-json\/wp\/v2\/media\/3386"}],"wp:attachment":[{"href":"https:\/\/mennur.com.tr\/index.php\/wp-json\/wp\/v2\/media?parent=3385"}],"wp:term":[{"taxonomy":"product_cat","embeddable":true,"href":"https:\/\/mennur.com.tr\/index.php\/wp-json\/wp\/v2\/product_cat?post=3385"},{"taxonomy":"product_tag","embeddable":true,"href":"https:\/\/mennur.com.tr\/index.php\/wp-json\/wp\/v2\/product_tag?post=3385"}],"curies":[{"name":"wp","href":"https:\/\/api.w.org\/{rel}","templated":true}]}}