{"id":3388,"date":"2021-06-20T02:22:57","date_gmt":"2021-06-20T02:22:57","guid":{"rendered":"http:\/\/mennur.com.tr\/?post_type=product&#038;p=3388"},"modified":"2021-07-07T08:59:15","modified_gmt":"2021-07-07T08:59:15","slug":"dili-peynir","status":"publish","type":"product","link":"https:\/\/mennur.com.tr\/index.php\/urun\/dili-peynir\/","title":{"rendered":"Dil Peyniri"},"content":{"rendered":"","protected":false},"excerpt":{"rendered":"<p>Tam ya\u011fl\u0131 inek s\u00fctleri d\u00fc\u015f\u00fck s\u0131cakl\u0131kta uzun s\u00fcre past\u00f6rize edilip %100 fermente kimozin peynir mayalar\u0131 kullan\u0131larak mayalan\u0131r.\u00a0 Tuz i\u00e7ermez. \u00d6zel i\u015flenmesi sebebiyle tel tel ayr\u0131labilmektedir.<\/p>\n<p>Paketleme: Ortalama 500 gr gelen vakumlu ambalajlarda sat\u0131lmaktad\u0131r.<\/p>\n","protected":false},"featured_media":3389,"template":"","meta":[],"product_cat":[33],"product_tag":[46],"class_list":["post-3388","product","type-product","status-publish","has-post-thumbnail","hentry","product_cat-beyde","product_tag-beyde"],"_links":{"self":[{"href":"https:\/\/mennur.com.tr\/index.php\/wp-json\/wp\/v2\/product\/3388","targetHints":{"allow":["GET"]}}],"collection":[{"href":"https:\/\/mennur.com.tr\/index.php\/wp-json\/wp\/v2\/product"}],"about":[{"href":"https:\/\/mennur.com.tr\/index.php\/wp-json\/wp\/v2\/types\/product"}],"version-history":[{"count":2,"href":"https:\/\/mennur.com.tr\/index.php\/wp-json\/wp\/v2\/product\/3388\/revisions"}],"predecessor-version":[{"id":3462,"href":"https:\/\/mennur.com.tr\/index.php\/wp-json\/wp\/v2\/product\/3388\/revisions\/3462"}],"wp:featuredmedia":[{"embeddable":true,"href":"https:\/\/mennur.com.tr\/index.php\/wp-json\/wp\/v2\/media\/3389"}],"wp:attachment":[{"href":"https:\/\/mennur.com.tr\/index.php\/wp-json\/wp\/v2\/media?parent=3388"}],"wp:term":[{"taxonomy":"product_cat","embeddable":true,"href":"https:\/\/mennur.com.tr\/index.php\/wp-json\/wp\/v2\/product_cat?post=3388"},{"taxonomy":"product_tag","embeddable":true,"href":"https:\/\/mennur.com.tr\/index.php\/wp-json\/wp\/v2\/product_tag?post=3388"}],"curies":[{"name":"wp","href":"https:\/\/api.w.org\/{rel}","templated":true}]}}