{"id":3394,"date":"2021-06-20T02:24:43","date_gmt":"2021-06-20T02:24:43","guid":{"rendered":"http:\/\/mennur.com.tr\/?post_type=product&#038;p=3394"},"modified":"2021-07-07T08:55:48","modified_gmt":"2021-07-07T08:55:48","slug":"beyaz-peynir-mutlu","status":"publish","type":"product","link":"https:\/\/mennur.com.tr\/index.php\/urun\/beyaz-peynir-mutlu\/","title":{"rendered":"Beyaz Peynir (Mutlu)"},"content":{"rendered":"","protected":false},"excerpt":{"rendered":"<p>Tam ya\u011fl\u0131 inek s\u00fctleri \u00e7ok y\u00fcksek s\u0131cakl\u0131kta past\u00f6rize edilip %100 dana \u015firden mayalar\u0131 kullan\u0131larak mayalan\u0131r. <strong>D\u00fc\u015f\u00fck tuz i\u00e7erir<\/strong>. K\u00fclt\u00fcr i\u00e7ermez. <strong>Katk\u0131 ve koruyucu madde<\/strong> i\u00e7ermedi\u011finden dolay\u0131 k\u0131sa s\u00fcrede t\u00fcketilmelidir. Kuru maddede en %45 s\u00fct ya\u011f\u0131 ihtiva eder. \u00d6zellikleri aras\u0131nda d\u00fc\u015f\u00fck tuz oran\u0131 sayesinde peynir tad\u0131 tamamen dama\u011fa gelmektedir. Da\u011f\u0131lmadan dilimlenebildi\u011fi i\u00e7in kahvalt\u0131da k\u00fcp \u015feklinde do\u011fran\u0131p sunulmaktad\u0131r.<\/p>\n<p>Paketleme: 18 kg luk Teneke, 5 kg luk teneke ve Vakumlu ambalajlarda sat\u0131lmaktad\u0131r.<\/p>\n","protected":false},"featured_media":3395,"template":"","meta":[],"product_cat":[33],"product_tag":[46],"class_list":["post-3394","product","type-product","status-publish","has-post-thumbnail","hentry","product_cat-beyde","product_tag-beyde"],"_links":{"self":[{"href":"https:\/\/mennur.com.tr\/index.php\/wp-json\/wp\/v2\/product\/3394","targetHints":{"allow":["GET"]}}],"collection":[{"href":"https:\/\/mennur.com.tr\/index.php\/wp-json\/wp\/v2\/product"}],"about":[{"href":"https:\/\/mennur.com.tr\/index.php\/wp-json\/wp\/v2\/types\/product"}],"version-history":[{"count":1,"href":"https:\/\/mennur.com.tr\/index.php\/wp-json\/wp\/v2\/product\/3394\/revisions"}],"predecessor-version":[{"id":3397,"href":"https:\/\/mennur.com.tr\/index.php\/wp-json\/wp\/v2\/product\/3394\/revisions\/3397"}],"wp:featuredmedia":[{"embeddable":true,"href":"https:\/\/mennur.com.tr\/index.php\/wp-json\/wp\/v2\/media\/3395"}],"wp:attachment":[{"href":"https:\/\/mennur.com.tr\/index.php\/wp-json\/wp\/v2\/media?parent=3394"}],"wp:term":[{"taxonomy":"product_cat","embeddable":true,"href":"https:\/\/mennur.com.tr\/index.php\/wp-json\/wp\/v2\/product_cat?post=3394"},{"taxonomy":"product_tag","embeddable":true,"href":"https:\/\/mennur.com.tr\/index.php\/wp-json\/wp\/v2\/product_tag?post=3394"}],"curies":[{"name":"wp","href":"https:\/\/api.w.org\/{rel}","templated":true}]}}